{"id":38,"date":"2025-05-06T15:21:06","date_gmt":"2025-05-06T15:21:06","guid":{"rendered":"https:\/\/waldgasthaus.at\/?page_id=38"},"modified":"2026-04-20T05:08:03","modified_gmt":"2026-04-20T05:08:03","slug":"home","status":"publish","type":"page","link":"https:\/\/waldgasthaus.at\/","title":{"rendered":"Home"},"content":{"rendered":"\t\t<div data-elementor-type=\"wp-page\" data-elementor-id=\"38\" class=\"elementor elementor-38\">\n\t\t\t\t<div class=\"elementor-element elementor-element-d90a90e e-flex e-con-boxed e-con e-parent\" data-id=\"d90a90e\" data-element_type=\"container\" data-e-type=\"container\">\n\t\t\t\t\t<div class=\"e-con-inner\">\n\t\t\t\t<div class=\"elementor-element elementor-element-59c0885 elementor-widget elementor-widget-image\" data-id=\"59c0885\" data-element_type=\"widget\" data-e-type=\"widget\" data-widget_type=\"image.default\">\n\t\t\t\t<div class=\"elementor-widget-container\">\n\t\t\t\t\t\t\t\t\t\t\t\t\t\t\t<img fetchpriority=\"high\" decoding=\"async\" width=\"730\" height=\"1095\" src=\"https:\/\/waldgasthaus.at\/wp-content\/uploads\/2026\/04\/SchweineRippchen-768x1152.jpg\" class=\"attachment-medium_large size-medium_large wp-image-306\" alt=\"\" srcset=\"https:\/\/waldgasthaus.at\/wp-content\/uploads\/2026\/04\/SchweineRippchen-768x1152.jpg 768w, https:\/\/waldgasthaus.at\/wp-content\/uploads\/2026\/04\/SchweineRippchen-200x300.jpg 200w, https:\/\/waldgasthaus.at\/wp-content\/uploads\/2026\/04\/SchweineRippchen-683x1024.jpg 683w, https:\/\/waldgasthaus.at\/wp-content\/uploads\/2026\/04\/SchweineRippchen-600x900.jpg 600w, https:\/\/waldgasthaus.at\/wp-content\/uploads\/2026\/04\/SchweineRippchen.jpg 1024w\" sizes=\"(max-width: 730px) 100vw, 730px\" \/>\t\t\t\t\t\t\t\t\t\t\t\t\t\t\t<\/div>\n\t\t\t\t<\/div>\n\t\t\t\t\t<\/div>\n\t\t\t\t<\/div>\n\t\t<div class=\"elementor-element elementor-element-57a4fb8 e-flex e-con-boxed e-con e-parent\" data-id=\"57a4fb8\" data-element_type=\"container\" data-e-type=\"container\">\n\t\t\t\t\t<div class=\"e-con-inner\">\n\t\t<div class=\"elementor-element elementor-element-b83282d e-con-full e-flex e-con e-child\" data-id=\"b83282d\" data-element_type=\"container\" data-e-type=\"container\">\n\t\t\t\t<div class=\"elementor-element elementor-element-3d4361f elementor-widget__width-initial elementor-widget elementor-widget-image\" data-id=\"3d4361f\" data-element_type=\"widget\" data-e-type=\"widget\" data-widget_type=\"image.default\">\n\t\t\t\t<div class=\"elementor-widget-container\">\n\t\t\t\t\t\t\t\t\t\t\t\t\t\t\t<img decoding=\"async\" width=\"730\" height=\"324\" src=\"https:\/\/waldgasthaus.at\/wp-content\/uploads\/2025\/05\/20241011_143959-scaled-e1746544888688-1024x454.jpg\" class=\"attachment-large size-large wp-image-16\" alt=\"\" srcset=\"https:\/\/waldgasthaus.at\/wp-content\/uploads\/2025\/05\/20241011_143959-scaled-e1746544888688-1024x454.jpg 1024w, https:\/\/waldgasthaus.at\/wp-content\/uploads\/2025\/05\/20241011_143959-scaled-e1746544888688-600x266.jpg 600w, https:\/\/waldgasthaus.at\/wp-content\/uploads\/2025\/05\/20241011_143959-scaled-e1746544888688-300x133.jpg 300w, https:\/\/waldgasthaus.at\/wp-content\/uploads\/2025\/05\/20241011_143959-scaled-e1746544888688-768x341.jpg 768w, https:\/\/waldgasthaus.at\/wp-content\/uploads\/2025\/05\/20241011_143959-scaled-e1746544888688-1536x681.jpg 1536w, https:\/\/waldgasthaus.at\/wp-content\/uploads\/2025\/05\/20241011_143959-scaled-e1746544888688-2048x908.jpg 2048w\" sizes=\"(max-width: 730px) 100vw, 730px\" \/>\t\t\t\t\t\t\t\t\t\t\t\t\t\t\t<\/div>\n\t\t\t\t<\/div>\n\t\t\t\t<\/div>\n\t\t<div class=\"elementor-element elementor-element-2bd0f7d e-con-full e-flex e-con e-child\" data-id=\"2bd0f7d\" data-element_type=\"container\" data-e-type=\"container\">\n\t\t<div class=\"elementor-element elementor-element-be0dea0 e-con-full e-flex e-con e-child\" data-id=\"be0dea0\" data-element_type=\"container\" data-e-type=\"container\">\n\t\t\t\t<div class=\"elementor-element elementor-element-dfb9fc1 elementor-widget elementor-widget-text-editor\" data-id=\"dfb9fc1\" data-element_type=\"widget\" data-e-type=\"widget\" data-widget_type=\"text-editor.default\">\n\t\t\t\t<div class=\"elementor-widget-container\">\n\t\t\t\t\t\t\t\t\t<h4 class=\"widgettitle\">Hier finden Sie uns:<\/h4><div class=\"textwidget\"><p><strong>Adresse:<br \/>Waldgasthaus<br \/><\/strong>Marek Duda<br \/>Birkenweg 44<br \/>5122 Hochburg-Ach<br \/>Tel.: +43 7727 3253<br \/>Handy: +43 676 4511 213<br \/>E-Mail: mail@waldgasthaus.at<\/p><p><strong>\u00d6ffnungszeiten:<\/strong><br \/>Mo-Di 16:00-22:00 Uhr<br \/>Mi Ruhetag<br \/>Do-SA 16:00 &#8211; 23:00 Uhr<br \/>So 11:00 &#8211; 21:00 Uhr<\/p><\/div>\t\t\t\t\t\t\t\t<\/div>\n\t\t\t\t<\/div>\n\t\t\t\t<\/div>\n\t\t\t\t<\/div>\n\t\t\t\t\t<\/div>\n\t\t\t\t<\/div>\n\t\t<div class=\"elementor-element elementor-element-74331f2 e-flex e-con-boxed e-con e-parent\" data-id=\"74331f2\" data-element_type=\"container\" data-e-type=\"container\">\n\t\t\t\t\t<div class=\"e-con-inner\">\n\t\t\t\t<div class=\"elementor-element elementor-element-3617801 e-transform elementor-widget elementor-widget-text-editor\" data-id=\"3617801\" data-element_type=\"widget\" data-e-type=\"widget\" data-settings=\"{&quot;_transform_translateX_effect&quot;:{&quot;unit&quot;:&quot;px&quot;,&quot;size&quot;:&quot;&quot;,&quot;sizes&quot;:[]},&quot;_transform_translateX_effect_tablet&quot;:{&quot;unit&quot;:&quot;px&quot;,&quot;size&quot;:&quot;&quot;,&quot;sizes&quot;:[]},&quot;_transform_translateX_effect_mobile&quot;:{&quot;unit&quot;:&quot;px&quot;,&quot;size&quot;:&quot;&quot;,&quot;sizes&quot;:[]},&quot;_transform_translateY_effect&quot;:{&quot;unit&quot;:&quot;px&quot;,&quot;size&quot;:&quot;&quot;,&quot;sizes&quot;:[]},&quot;_transform_translateY_effect_tablet&quot;:{&quot;unit&quot;:&quot;px&quot;,&quot;size&quot;:&quot;&quot;,&quot;sizes&quot;:[]},&quot;_transform_translateY_effect_mobile&quot;:{&quot;unit&quot;:&quot;px&quot;,&quot;size&quot;:&quot;&quot;,&quot;sizes&quot;:[]}}\" data-widget_type=\"text-editor.default\">\n\t\t\t\t<div class=\"elementor-widget-container\">\n\t\t\t\t\t\t\t\t\t<p><strong>Wir freuen uns darauf, Sie bei uns mit kulinarischen K\u00f6stlichkeiten verw\u00f6hnen zu d\u00fcrfen!<\/strong><\/p>\t\t\t\t\t\t\t\t<\/div>\n\t\t\t\t<\/div>\n\t\t\t\t\t<\/div>\n\t\t\t\t<\/div>\n\t\t<div class=\"elementor-element elementor-element-a48ebe5 e-flex e-con-boxed e-con e-parent\" data-id=\"a48ebe5\" data-element_type=\"container\" data-e-type=\"container\">\n\t\t\t\t\t<div class=\"e-con-inner\">\n\t\t\t\t<div class=\"elementor-element elementor-element-63d3893 elementor-widget elementor-widget-google_maps\" data-id=\"63d3893\" data-element_type=\"widget\" data-e-type=\"widget\" data-widget_type=\"google_maps.default\">\n\t\t\t\t<div class=\"elementor-widget-container\">\n\t\t\t\t\t\t\t<div class=\"elementor-custom-embed\">\n\t\t\t<iframe loading=\"lazy\"\n\t\t\t\t\tsrc=\"https:\/\/maps.google.com\/maps?q=BBirkenweg%2044%205122%20Hochburg-Ach&#038;t=m&#038;z=10&#038;output=embed&#038;iwloc=near\"\n\t\t\t\t\ttitle=\"BBirkenweg 44 5122 Hochburg-Ach\"\n\t\t\t\t\taria-label=\"BBirkenweg 44 5122 Hochburg-Ach\"\n\t\t\t><\/iframe>\n\t\t<\/div>\n\t\t\t\t\t\t<\/div>\n\t\t\t\t<\/div>\n\t\t\t\t\t<\/div>\n\t\t\t\t<\/div>\n\t\t<div class=\"elementor-element elementor-element-aae214b e-flex e-con-boxed e-con e-parent\" data-id=\"aae214b\" data-element_type=\"container\" data-e-type=\"container\">\n\t\t\t\t\t<div class=\"e-con-inner\">\n\t\t\t\t\t<\/div>\n\t\t\t\t<\/div>\n\t\t\t\t<\/div>\n\t\t","protected":false},"excerpt":{"rendered":"<p>Hier finden Sie uns: Adresse:WaldgasthausMarek DudaBirkenweg 445122 Hochburg-AchTel.: +43 7727 3253Handy: +43 676 4511 213E-Mail: mail@waldgasthaus.at \u00d6ffnungszeiten:Mo-Di 16:00-22:00 UhrMi RuhetagDo-SA 16:00 &#8211; 23:00 UhrSo 11:00 &#8211; 21:00 Uhr Wir freuen uns darauf, Sie bei uns mit kulinarischen K\u00f6stlichkeiten verw\u00f6hnen zu&#8230; <\/p>\n<div class=\"readmore-section\"><a class=\"readmore-btn\" href=\"https:\/\/waldgasthaus.at\/\">Continue reading <i class=\"fa fa-arrow-right\"><\/i><\/a><\/div>\n","protected":false},"author":1,"featured_media":0,"parent":0,"menu_order":0,"comment_status":"closed","ping_status":"closed","template":"","meta":{"footnotes":""},"class_list":["post-38","page","type-page","status-publish","hentry"],"_links":{"self":[{"href":"https:\/\/waldgasthaus.at\/index.php?rest_route=\/wp\/v2\/pages\/38","targetHints":{"allow":["GET"]}}],"collection":[{"href":"https:\/\/waldgasthaus.at\/index.php?rest_route=\/wp\/v2\/pages"}],"about":[{"href":"https:\/\/waldgasthaus.at\/index.php?rest_route=\/wp\/v2\/types\/page"}],"author":[{"embeddable":true,"href":"https:\/\/waldgasthaus.at\/index.php?rest_route=\/wp\/v2\/users\/1"}],"replies":[{"embeddable":true,"href":"https:\/\/waldgasthaus.at\/index.php?rest_route=%2Fwp%2Fv2%2Fcomments&post=38"}],"version-history":[{"count":128,"href":"https:\/\/waldgasthaus.at\/index.php?rest_route=\/wp\/v2\/pages\/38\/revisions"}],"predecessor-version":[{"id":309,"href":"https:\/\/waldgasthaus.at\/index.php?rest_route=\/wp\/v2\/pages\/38\/revisions\/309"}],"wp:attachment":[{"href":"https:\/\/waldgasthaus.at\/index.php?rest_route=%2Fwp%2Fv2%2Fmedia&parent=38"}],"curies":[{"name":"wp","href":"https:\/\/api.w.org\/{rel}","templated":true}]}}